{"id":7237,"date":"2025-11-16T21:43:58","date_gmt":"2025-11-16T20:43:58","guid":{"rendered":"https:\/\/www.livestagemusic.com\/?page_id=7237"},"modified":"2025-11-16T21:43:58","modified_gmt":"2025-11-16T20:43:58","slug":"account","status":"publish","type":"page","link":"https:\/\/www.livestagemusic.com\/?page_id=7237","title":{"rendered":"Account"},"content":{"rendered":"<div id=\"sunshine--account--login-signup\">\n\n\t\n\t<div id=\"sunshine--account--login\">\n\t\t<div id=\"sunshine--account--login-form\">\n\n\t\n\t<div class=\"sunshine--account--login--title sunshine--modal--title\">Logga in<\/div>\n\n\t<form method=\"post\" action=\"\" class=\"sunshine--form--fields\">\n\t\t<input type=\"hidden\" id=\"sunshine_login\" name=\"sunshine_login\" value=\"f963743f09\" \/><input type=\"hidden\" name=\"_wp_http_referer\" value=\"\/index.php?rest_route=%2Fwp%2Fv2%2Fpages%2F7237\" \/>\t\t<div class=\"sunshine--form--field\">\n\t\t\t<label for=\"sunshine-login-email\">E-postadress<\/label>\n\t\t\t<input type=\"email\" name=\"sunshine_login_email\" id=\"sunshine-login-email\" required=\"required\" \/>\n\t\t<\/div>\n\t\t<div class=\"sunshine--form--field\">\n\t\t\t<label for=\"sunshine-login-password\">L\u00f6senord<\/label>\n\t\t\t<input type=\"password\" name=\"sunshine_login_password\" id=\"sunshine-login-password\" required=\"required\" \/>\n\t\t<\/div>\n\t\t<div class=\"sunshine--form--field sunshine--furl\" aria-hidden=\"true\">\n\t\t\t<label for=\"sunshine-login-website\">Webbplats<\/label>\n\t\t\t<input type=\"text\" name=\"sunshine_login_website\" id=\"sunshine-login-website\" autocomplete=\"off\" tabindex=\"-1\" \/>\n\t\t<\/div>\n\t\t\t\t<div class=\"sunshine--form--field sunshine--form--field-submit\">\n\t\t\t<button type=\"submit\" class=\"button sunshine--button\">Logga in<\/button>\n\t\t\t<div class=\"sunshine--form--field--desc sunshine--account--reset-password-toggle\"><a href=\"#password\" onclick=\"jQuery( '#sunshine--account--login-form, #sunshine--account--reset-password-form' ).toggle(); return false;\">Gl\u00f6mt l\u00f6senord?<\/a><\/div>\n\t\t<\/div>\n\t\t\t<\/form>\n\n<\/div>\n\n<div id=\"sunshine--account--reset-password-form\" style=\"display: none;\">\n\t<div class=\"sunshine--account--login--title sunshine--modal--title\">\u00c5terst\u00e4ll l\u00f6senord<\/div>\n\t<form method=\"post\" action=\"\" class=\"sunshine--form--fields\">\n\t\t<input type=\"hidden\" id=\"sunshine_reset_password_nonce\" name=\"sunshine_reset_password_nonce\" value=\"d231f64283\" \/><input type=\"hidden\" name=\"_wp_http_referer\" value=\"\/index.php?rest_route=%2Fwp%2Fv2%2Fpages%2F7237\" \/>\t\t<div class=\"sunshine--form--field\">\n\t\t\t<label for=\"sunshine-reset-password-email\">E-postadress<\/label>\n\t\t\t<input type=\"email\" name=\"sunshine_reset_password_email\" id=\"sunshine-reset-password-email\" required=\"required\" autocomplete=\"email\" \/>\n\t\t\t<div class=\"sunshine--form--field--desc\">Ett e-postmeddelande kommer att skickas till denna adress med instruktioner om hur du \u00e5terst\u00e4ller ditt l\u00f6senord<\/div>\n\t\t<\/div>\n\t\t<div class=\"sunshine--form--field sunshine--furl\" aria-hidden=\"true\">\n\t\t\t<label for=\"sunshine-reset-website\">Webbplats<\/label>\n\t\t\t<input type=\"text\" name=\"sunshine_reset_website\" id=\"sunshine-reset-website\" autocomplete=\"off\" tabindex=\"-1\" \/>\n\t\t<\/div>\n\t\t\t\t<div class=\"sunshine--form--field sunshine--form--field-submit\">\n\t\t\t<button type=\"submit\" class=\"button sunshine--button\">Skaffa nytt l\u00f6senord<\/button>\n\t\t\t<div class=\"sunshine--form--field--desc sunshine--account--reset-password-toggle\"><a href=\"#password\" onclick=\"jQuery( '#sunshine--account--login-form, #sunshine--account--reset-password-form' ).toggle(); return false;\">Tillbaka till inloggning<\/a><\/div>\n\t\t<\/div>\n\t<\/form>\n<\/div>\n\t<\/div>\n\n\t\n<\/div>\n\n","protected":false},"excerpt":{"rendered":"","protected":false},"author":1427,"featured_media":0,"parent":7236,"menu_order":0,"comment_status":"closed","ping_status":"closed","template":"","meta":{"ngg_post_thumbnail":0,"footnotes":""},"class_list":["post-7237","page","type-page","status-publish","hentry"],"_links":{"self":[{"href":"https:\/\/www.livestagemusic.com\/index.php?rest_route=\/wp\/v2\/pages\/7237","targetHints":{"allow":["GET"]}}],"collection":[{"href":"https:\/\/www.livestagemusic.com\/index.php?rest_route=\/wp\/v2\/pages"}],"about":[{"href":"https:\/\/www.livestagemusic.com\/index.php?rest_route=\/wp\/v2\/types\/page"}],"author":[{"embeddable":true,"href":"https:\/\/www.livestagemusic.com\/index.php?rest_route=\/wp\/v2\/users\/1427"}],"replies":[{"embeddable":true,"href":"https:\/\/www.livestagemusic.com\/index.php?rest_route=%2Fwp%2Fv2%2Fcomments&post=7237"}],"version-history":[{"count":0,"href":"https:\/\/www.livestagemusic.com\/index.php?rest_route=\/wp\/v2\/pages\/7237\/revisions"}],"up":[{"embeddable":true,"href":"https:\/\/www.livestagemusic.com\/index.php?rest_route=\/wp\/v2\/pages\/7236"}],"wp:attachment":[{"href":"https:\/\/www.livestagemusic.com\/index.php?rest_route=%2Fwp%2Fv2%2Fmedia&parent=7237"}],"curies":[{"name":"wp","href":"https:\/\/api.w.org\/{rel}","templated":true}]}}